{"id":4036,"date":"2020-07-15T19:03:48","date_gmt":"2020-07-15T17:03:48","guid":{"rendered":"http:\/\/www.terradeire.com\/?page_id=4036"},"modified":"2025-07-11T10:26:31","modified_gmt":"2025-07-11T08:26:31","slug":"sostenibilita","status":"publish","type":"page","link":"https:\/\/www.terradeire.com\/en\/sostenibilita\/","title":{"rendered":"Sustainability"},"content":{"rendered":"<div class=\"vc_row wpb_row vc_row-fluid\" ><div class=\"wpb_column vc_column_container vc_col-sm-2\"><div class=\"vc_column-inner\"><div class=\"wpb_wrapper\"><\/div><\/div><\/div><div class=\"wpb_column vc_column_container vc_col-sm-8\"><div class=\"vc_column-inner\"><div class=\"wpb_wrapper\"><div class=\"vc_row wpb_row vc_inner vc_row-fluid\" ><div class=\"wpb_column vc_column_container vc_col-sm-6\"><div class=\"vc_column-inner\"><div class=\"wpb_wrapper\">\n\t<div class=\"wpb_text_column wpb_content_element\" >\n\t\t<div class=\"wpb_wrapper\">\n\t\t\t<p>Terra dei Re \u00e8 stata la prima azienda al mondo ad ottenere la certificazione Friend of the Earth nel comparto del vino. L\u2019Aglianico del Vulture Nocte \u00e8 stato il primo vino sostenibile certificato. In ambito viticolo la definizione \u201cSostenibilit\u00e0\u201d la possiamo identificare con la conservazione delle condizioni ambientali e varietali. Essere sostenibili significa preservare ci\u00f2 che ci \u00e8 stato tramandato e quanto la natura ci ha donato. La sostenibilit\u00e0 \u00e8 strettamente legata alla biodiversit\u00e0 ovvero alla quantit\u00e0 di flora e di fauna presente in un determinato ambiente. Il nostro obiettivo primario \u00e8 quello di non alterare le condizioni ambientali e favorire gli equilibri naturali. Abbiamo quindi\u00a0 messo in campo tutte le azioni necessarie per non interferire su quello che la natura ha creato. Il progetto ha portato la nostra azienda all\u2019avanguardia nella produzione di vini sostenibili. Partiamo dal concetto che ogni qualvolta si mette in moto un mezzo si immette CO2 in atmosfera. Per cominciare bisogna formare il personale, loro devono sapere cosa fare per inquinare meno.<\/p>\n\n\t\t<\/div>\n\t<\/div>\n<\/div><\/div><\/div><div class=\"wpb_column vc_column_container vc_col-sm-6\"><div class=\"vc_column-inner\"><div class=\"wpb_wrapper\"><div class=\"mkdf-single-image-holder    mkdf-image-position-right\">\n    <div class=\"mkdf-si-inner\" >\n                                    <img loading=\"lazy\" decoding=\"async\" width=\"589\" height=\"856\" src=\"https:\/\/www.terradeire.com\/wp-content\/uploads\/2020\/09\/Cattura-e1752220913675.png\" class=\"attachment-full size-full\" alt=\"\" srcset=\"https:\/\/www.terradeire.com\/wp-content\/uploads\/2020\/09\/Cattura-e1752220913675.png 589w, https:\/\/www.terradeire.com\/wp-content\/uploads\/2020\/09\/Cattura-e1752220913675-206x300.png 206w, https:\/\/www.terradeire.com\/wp-content\/uploads\/2020\/09\/Cattura-e1752220913675-8x12.png 8w\" sizes=\"auto, (max-width: 589px) 100vw, 589px\" \/>                        <\/div>\n<\/div><\/div><\/div><\/div><\/div><div class=\"vc_row wpb_row vc_inner vc_row-fluid\" ><div class=\"wpb_column vc_column_container vc_col-sm-12\"><div class=\"vc_column-inner\"><div class=\"wpb_wrapper\"><div class=\"vc_empty_space\"   style=\"height: 32px\"><span class=\"vc_empty_space_inner\"><\/span><\/div><\/div><\/div><\/div><\/div><\/div><\/div><\/div><div class=\"wpb_column vc_column_container vc_col-sm-2\"><div class=\"vc_column-inner\"><div class=\"wpb_wrapper\"><\/div><\/div><\/div><\/div><div class=\"vc_row wpb_row vc_row-fluid\" ><div class=\"wpb_column vc_column_container vc_col-sm-2\"><div class=\"vc_column-inner\"><div class=\"wpb_wrapper\"><\/div><\/div><\/div><div class=\"wpb_column vc_column_container vc_col-sm-8\"><div class=\"vc_column-inner\"><div class=\"wpb_wrapper\">\n\t<div class=\"wpb_text_column wpb_content_element\" >\n\t\t<div class=\"wpb_wrapper\">\n\t\t\t<p>Abbiamo rilevato i dati necessari per individuare i flussi delle emissioni analizzando il ciclo di vita dei nostri vini. Rilevare i consumi energetici in vigna, sapere che impatto hanno i trasporti in termini di inquinamento in entrata e in uscita, conoscere con precisione i consumi in cantina ci permette di intervenire dove ci sono eccessi di consumi energetici. Produciamo energia elettrica a mezzo di impianti fotovoltaici, raccogliamo le acque piovane che utilizziamo in agricoltura, abbiamo ridotto i consumi energetici e pratichiamo un\u2019agricoltura di precisione. Dopo circa dieci anni di studio e rilevamento dati abbiamo determinato l\u2019impatto ambientale di ogni nostra bottiglia di vino. Dopo tale determinazione abbiamo messo in campo i correttivi diminuendo di oltre il 30% le emissioni di CO2 in atmosfera. Possiamo accertare che la produzione dei nostri vini ha un bassissimo impatto ambientale.<\/p>\n\n\t\t<\/div>\n\t<\/div>\n<\/div><\/div><\/div><div class=\"wpb_column vc_column_container vc_col-sm-2\"><div class=\"vc_column-inner\"><div class=\"wpb_wrapper\"><\/div><\/div><\/div><\/div>","protected":false},"excerpt":{"rendered":"Terra dei Re \u00e8 stata la prima azienda al mondo ad ottenere la certificazione Friend of the Earth nel comparto del vino. L\u2019Aglianico del Vulture Nocte \u00e8 stato il primo vino sostenibile certificato. In ambito viticolo la definizione \u201cSostenibilit\u00e0\u201d la possiamo identificare con la conservazione delle condizioni ambientali e varietali. Essere sostenibili significa preservare ci\u00f2 che ci \u00e8 stato tramandato e quanto la natura ci ha donato. La sostenibilit\u00e0 \u00e8 strettamente legata alla biodiversit\u00e0 [...]","protected":false},"author":1,"featured_media":0,"parent":0,"menu_order":0,"comment_status":"closed","ping_status":"closed","template":"","meta":{"footnotes":""},"class_list":["post-4036","page","type-page","status-publish","hentry"],"_links":{"self":[{"href":"https:\/\/www.terradeire.com\/en\/wp-json\/wp\/v2\/pages\/4036","targetHints":{"allow":["GET"]}}],"collection":[{"href":"https:\/\/www.terradeire.com\/en\/wp-json\/wp\/v2\/pages"}],"about":[{"href":"https:\/\/www.terradeire.com\/en\/wp-json\/wp\/v2\/types\/page"}],"author":[{"embeddable":true,"href":"https:\/\/www.terradeire.com\/en\/wp-json\/wp\/v2\/users\/1"}],"replies":[{"embeddable":true,"href":"https:\/\/www.terradeire.com\/en\/wp-json\/wp\/v2\/comments?post=4036"}],"version-history":[{"count":31,"href":"https:\/\/www.terradeire.com\/en\/wp-json\/wp\/v2\/pages\/4036\/revisions"}],"predecessor-version":[{"id":5581,"href":"https:\/\/www.terradeire.com\/en\/wp-json\/wp\/v2\/pages\/4036\/revisions\/5581"}],"wp:attachment":[{"href":"https:\/\/www.terradeire.com\/en\/wp-json\/wp\/v2\/media?parent=4036"}],"curies":[{"name":"wp","href":"https:\/\/api.w.org\/{rel}","templated":true}]}}