{"id":4541,"date":"2020-11-09T08:46:04","date_gmt":"2020-11-09T07:46:04","guid":{"rendered":"http:\/\/www.terradeire.com\/?page_id=4541"},"modified":"2020-11-09T08:50:02","modified_gmt":"2020-11-09T07:50:02","slug":"termi-i-condizioni","status":"publish","type":"page","link":"https:\/\/www.terradeire.com\/en\/termi-i-condizioni\/","title":{"rendered":"Termini e condizioni"},"content":{"rendered":"<p>1.Titolare: Cantine Terra dei Re s.r.l.<\/p>\n\n\n\n<p>2. Procedura di acquisto: Cantine Terra dei Re S.r.l. invier\u00e0 un\u2019email di avventa ricezione dell\u2019ordine con le informazioni circa la spedizione. L\u2019utente \u00e8 invitato a salvare o stampare l\u2019e-mail ed a conservarla. In caso di Fattura Elettronica il cliente ricever\u00e0 via email una ricevuta\/fattura in PDF e a seguire l\u2019inoltro nel sistema SDI. Nel caso non la ricevesse, il consumatore \u00e8 invitato a prendere contatto con il nostro servizio clienti Tel. +39.0972.725116<\/p>\n\n\n\n<p>Codizioni di vendita:<\/p>\n\n\n\n<ul class=\"wp-block-list\"><li>LA VENDITA DI PRODOTTI ALCOLICI E&#8217; VIETATA AI MINORENNI.<\/li><li>Tutti i prezzi al pubblico sono inclusi di IVA&nbsp;e non includono eventuali tasse, dazi ed imposte applicabili nel Paese di destinazione dei prodotti e\/o servizi ove questo sia diverso dall\u2019Italia. Tali costi, diversi da paese a paese, sono a carico del Cliente, al quale spetta l\u2019onere di verificarne l\u2019ammontare presso le competenti autorit\u00e0 doganali.<\/li><li>Tutti i vini presenti nel nostro negozio sono realmente disponibili presso la nostra sede<\/li><li>Tutte le spedizioni sono coperte da assicurazione<\/li><li>Il sito viene aggiornato pi\u00f9 volte al giorno<\/li><li>La spedizione verr\u00e0 sempre contabilizzata con regolare fattura accompagnatoria<\/li><li>Al prezzo del singolo prodotto e\/o servizio deve essere aggiunto il costo di ogni spedizione, il cui ammontare potr\u00e0 variare in base alla modalit\u00e0 di consegna e di pagamento, nonch\u00e9 in relazione al Paese di destinazione. L\u2019importo complessivo dovuto per i prodotti e\/o servizi prescelti sar\u00e0 chiaramente indicato e comunicato al Cliente, prima della conclusione del Contratto di Vendita.<\/li><li>I prezzi riportati sul sito sono soggetti a possibili variazioni e\/o modifiche da parte di Cantine terra dei Re senza alcuno obbligo di preavviso al Cliente. Ai Contratti di Vendita conclusi prima della pubblicazione delle suddette modifiche, ma ancora in corso d\u2019esecuzione, si applicheranno i prezzi vigenti al momento della ricezione dell\u2019Ordine.<\/li><li>I prezzi pubblicati dei prodotti possono variare per annate e formati diversi<\/li><\/ul>\n\n\n\n<p>3. Errore compilazione dei dati: Nel caso i dati dell\u2019utente risultassero incompleti o comunque inesatti (in modo da rendere impossibile la consegna del pacco), Cantine Terra dei Re prender\u00e0 contatto con l\u2019utente prima di evadere l\u2019ordine.<\/p>\n\n\n\n<p>5.Merce inesatta: In caso di eventuale impossibilit\u00e0, anche temporanea, di evadere l\u2019ordine in modo parziale o totale, Cantine Terra dei Re contatter\u00e0 tempestivamente l\u2019utente per prendere accordi, fermo restando la possibilit\u00e0 per l\u2019utente di chiedere l\u2019annullamento, dell\u2019ordine e la restituzione del corrispondente importo eventualmente gi\u00e0 pagato con carta di credito.<\/p>\n\n\n\n<p>6. Anomalia del prodotto: In caso si dovesse verificare un\u2019anomalia nel prodotto acquistato presso il sito shop.cantineterradeire.it, l\u2019Utente \u00e8 tenuto a conservare la bottiglie con almeno 3\/4 del contenuto ed inviarla a proprie spese al seguente indirizzo: Cantine Terra dei Re <a href=\"https:\/\/www.google.it\/maps\/place\/Cantine+Terra+Dei+Re\/@40.9213928,15.6369927,17z\/data=!3m1!4b1!4m5!3m4!1s0x1339af4cbc5ad64f:0xf80b3230fef9e04a!8m2!3d40.9213888!4d15.6391814\" target=\"_blank\" rel=\"noreferrer noopener\">Via Monticchio Km. 2.700<\/a> \u2013 85028 Rionero in Vulture (Pz). Le spese di spedizione e di imballo per la restituzione sono a carico del cliente. &nbsp;La segnalazione deve essere corredata del numero ordine, oltre alla descrizione di ogni singola bottiglia ritenuta non conforme e alla quantit\u00e0 non conforme. Il prodotto o i prodotti devono essere resi con almeno i 2\/3 del contenuto originale e chiusi con il tappo originale opportunamente rifilato. Il pacco di rientro deve essere affidato al corriere negli imballi originali per tutelare il trasporto del vino. Una volta rientrato il vino e valutata la non conformit\u00e0, viene immediatamente predisposto un nuovo invio di bottiglie dello stesso tipo e annata, se ancora disponibili, o viene immediatamente effettuato il rimborso della cifra spesa. Un esperto verr\u00e0 incaricato di verificare lo stato della bevanda e nel caso dovesse riscontrare l\u2019anomalia manifestata dall\u2019Utente, provvederemo al rimborso del costo della spedizione e della bottiglia.<\/p>\n\n\n\n<p>7.Riferimenti Legislativi: Il contratto di vendita tra il Cliente e&nbsp;Cantine Terra dei Re si intende concluso in Italia e regolato dalla Legge Italiana (D. lgs 206\/2005). Per la soluzione di controversie civili e penali derivanti dalla conclusione del presente contratto di vendita a distanza, se il Cliente \u00e8 un consumatore, la competenza territoriale \u00e8 quella del foro di riferimento del suo comune di residenza; in tutti gli altri casi, la competenza territoriale \u00e8 esclusivamente quella del Foro di Potenza.<\/p>\n\n\n\n<h2 class=\"wp-block-heading\">Diritto di Recesso<\/h2>\n\n\n\n<h4 class=\"wp-block-heading\">IL RECESSO<\/h4>\n\n\n\n<p>In riferimento al D.L. n\u00b0 206\/2005 relativo al Recesso in caso di problemi il cliente pu\u00f2 disdire l\u2019ordine dandone semplice comunicazione per e-mail all\u2019indirizzo terradeire@terradeire.com, purch\u00e8 lo stesso non sia stato ancora evaso.<\/p>\n\n\n\n<p><strong>I costi diretti della restituzione dei beni saranno a Suo carico.<\/strong><\/p>\n\n\n\n<p>Il bene acquistato dovr\u00e0 essere <strong>sostanzialmente integro<\/strong>; consigliamo prestare la massima attenzione nel preparare il pacco, ad esempio utilizzando gli imballi originali.<\/p>\n\n\n\n<p>Esclusioni al recesso<\/p>\n\n\n\n<p>Il diritto di recesso \u00e8 escluso nei seguenti casi previsti dall\u2019art.59 del Codice del Consumo:<\/p>\n\n\n\n<ul class=\"wp-block-list\"><li>la fornitura di beni confezionati su misura o chiaramente personalizzati;<\/li><li>la fornitura di beni sigillati che non si prestano ad essere restituiti per motivi igienici o connessi alla protezione della salute e sono stati aperti dopo la consegna;<\/li><li>la fornitura di beni che, dopo la consegna, risultano, per loro natura, inscindibilmente mescolati con altri beni;<\/li><li>la fornitura di bevande alcoliche, il cui prezzo sia stato concordato al momento della conclusione del contratto di vendita, la cui consegna possa avvenire solo dopo trenta giorni e il cui valore effettivo dipenda da fluttuazioni sul mercato che non possono essere controllate dal professionista;<\/li><\/ul>\n\n\n\n<h4 class=\"wp-block-heading\">RIMBORSO<\/h4>\n\n\n\n<p>Il rimborso viene effettuato nel minor tempo possibile, ed in ogni caso entro 14 giorni dalla data in cui Cantine Terra dei Re, ricevuta notizia del recesso da parte del Cliente, riceve la merce ordinata integra e nella confezione originale al seguente indirizzo <a href=\"https:\/\/www.google.it\/maps\/place\/Cantine+Terra+Dei+Re\/@40.9213928,15.6369927,17z\/data=!3m1!4b1!4m5!3m4!1s0x1339af4cbc5ad64f:0xf80b3230fef9e04a!8m2!3d40.9213888!4d15.6391814\" target=\"_blank\" rel=\"noreferrer noopener\">Via Monticchio Km. 2.700<\/a> \u2013 85028 Rionero in Vulture (Pz)<br>Le spese per la restituzione dei Prodotti a Cantine Terra dei Re non sono rimborsabili e rimangono, per legge, a carico del cliente.<br>Ogni eventuale reclamo dovr\u00e0 essere rivolto a Cantine Terra dei Re inviando un\u2019email a terradeire@terradeire.<\/p>\n\n\n\n<p><strong><u>Spedizioni sicure ed veloci<\/u><\/strong><\/p>\n\n\n\n<p>Tutti i nostri vini saranno trasportati con adeguati imballi e coperti da <strong>polizza assicurativa<\/strong> che tutela il cliente in caso di rottura o smarrimento durante il trasporto dell&#8217;ordine.<\/p>\n\n\n\n<p>Le consegne in Italia sono effettuate entro un tempo di 2-3 giorni lavorativi, in Europa di 3-6 giorni e in USA in 35-50 giorni dalla data dell&#8217;ordine.<\/p>\n\n\n\n<p>In ogni caso al momento della spedizione viene emessa una mail di notifica di avvenuta spedizione contenente il codice di tracking che traccia in tempo reale lo stato della consegna.<\/p>\n\n\n\n<p>Imballi<\/p>\n\n\n\n<p>Utilizziamo esclusivamente imballi brevettati per essere affidabili, isotermici, sicuri ed ecologici. .<\/p>\n\n\n\n<p><strong><u>Modalit\u00e0 di pagamento<\/u><\/strong><\/p>\n\n\n\n<p>Puoi effettuare i tuoi acquisti scegliendo tra le seguenti modalit\u00e0 di pagamento al momento del checkout:<\/p>\n\n\n\n<h2 class=\"wp-block-heading\">CARTA DI CREDITO<\/h2>\n\n\n\n<p>I dati della carta non saranno a noi noti in quanto verranno forniti esclusivamente ai nostri partner.<\/p>\n\n\n\n<h2 class=\"wp-block-heading\">BONIFICO BANCARIO<\/h2>\n\n\n\n<p>In questo caso dobbiamo ricevere il pagamento <strong>prima della spedizione della merce<\/strong>.<\/p>\n\n\n\n<p>Il pagamento dovr\u00e0 avvenire entro <strong>7 giorni <\/strong>a partire dalla data dell&#8217;ordine. Oltrepassate tale scadenza, l&#8217;ordine verra&#8217; automaticamente annullato. La causale del bonifico bancario dovra&#8217; riportare necessariamente numero ordine, data&nbsp; ordine&nbsp; e nome e cognome&nbsp; del cliente.<\/p>\n\n\n\n<p>Il bonifico dovra&#8217; essere intestato a:<\/p>\n\n\n\n<p>MONTE DEI PASCHI DI SIENA<\/p>\n\n\n\n<p>Ns Coord. Bancarie: <strong>IBAN: <\/strong>IT04A0103042200000000132752&nbsp;<\/p>\n\n\n\n<p><strong>BIC\/SWIFT:<\/strong><\/p>\n\n\n\n<p>PASCITM1PZ7<\/p>\n\n\n\n<h2 class=\"wp-block-heading\">PAYPAL<\/h2>\n\n\n\n<p>PayPal ti consente di proteggere le informazioni della tua carta di credito grazie a innovativi sistemi di sicurezza e di prevenzione delle frodi.&nbsp;<\/p>\n\n\n\n<p>Serve aiuto?<\/p>\n\n\n\n<figure class=\"wp-block-table\"><table><tbody><tr><td><\/td><td><strong>+39 0972.725116<\/strong> (dalle 9.00 alle 13.00 dalle 15:00&nbsp;alle 18.00)<\/td><\/tr><\/tbody><\/table><\/figure>","protected":false},"excerpt":{"rendered":"<p>1.Titolare: Cantine Terra dei Re s.r.l. 2. Procedura di acquisto: Cantine Terra dei Re S.r.l. invier\u00e0 un\u2019email di avventa ricezione dell\u2019ordine con le informazioni circa la spedizione. L\u2019utente \u00e8 invitato a salvare o stampare l\u2019e-mail ed a conservarla. In caso di Fattura Elettronica il cliente ricever\u00e0 via email una ricevuta\/fattura in PDF e a seguire l\u2019inoltro nel sistema SDI. Nel caso non la ricevesse, il consumatore \u00e8 invitato a prendere contatto con il nostro [&hellip;]<\/p>","protected":false},"author":2,"featured_media":4478,"parent":0,"menu_order":0,"comment_status":"closed","ping_status":"closed","template":"","meta":{"footnotes":""},"class_list":["post-4541","page","type-page","status-publish","has-post-thumbnail","hentry"],"_links":{"self":[{"href":"https:\/\/www.terradeire.com\/en\/wp-json\/wp\/v2\/pages\/4541","targetHints":{"allow":["GET"]}}],"collection":[{"href":"https:\/\/www.terradeire.com\/en\/wp-json\/wp\/v2\/pages"}],"about":[{"href":"https:\/\/www.terradeire.com\/en\/wp-json\/wp\/v2\/types\/page"}],"author":[{"embeddable":true,"href":"https:\/\/www.terradeire.com\/en\/wp-json\/wp\/v2\/users\/2"}],"replies":[{"embeddable":true,"href":"https:\/\/www.terradeire.com\/en\/wp-json\/wp\/v2\/comments?post=4541"}],"version-history":[{"count":3,"href":"https:\/\/www.terradeire.com\/en\/wp-json\/wp\/v2\/pages\/4541\/revisions"}],"predecessor-version":[{"id":4546,"href":"https:\/\/www.terradeire.com\/en\/wp-json\/wp\/v2\/pages\/4541\/revisions\/4546"}],"wp:featuredmedia":[{"embeddable":true,"href":"https:\/\/www.terradeire.com\/en\/wp-json\/wp\/v2\/media\/4478"}],"wp:attachment":[{"href":"https:\/\/www.terradeire.com\/en\/wp-json\/wp\/v2\/media?parent=4541"}],"curies":[{"name":"wp","href":"https:\/\/api.w.org\/{rel}","templated":true}]}}